{"id":7551,"date":"2022-06-07T20:20:24","date_gmt":"2022-06-07T11:20:24","guid":{"rendered":"https:\/\/growth-value.co.jp\/magazine\/?page_id=7551"},"modified":"2023-05-20T13:54:41","modified_gmt":"2023-05-20T04:54:41","slug":"benchalle-5days-course-sidework","status":"publish","type":"page","link":"https:\/\/growth-value.co.jp\/magazine\/benchalle-5days-course-sidework\/","title":{"rendered":"\u597d\u304d\u306a\u3053\u3068\u3067\u526f\u696d\u6708\u53ce5\u4e07\u5186\u304c\u76ee\u6307\u305b\u308b\uff01\u30d6\u30ed\u30b0\u30fbSNS\u53ce\u76ca\u5316\u8b1b\u5ea7"},"content":{"rendered":"<p>&nbsp;<\/p>\n<h2><b>Web\u526f\u696d\u3067\u6708\u53ce5\u4e07\u5186\u304c\u6700\u77ed\u3067\u76ee\u6307\u305b\u308b\uff01\u300c\u672c\u683c\u8b1b\u5ea7\u300d\u3092\u4f5c\u308a\u307e\u3057\u305f<\/b><\/h2>\n<p>\u300c\u30a4\u30f3\u30b9\u30bf\u6708\u53ce5\u4e07\u5186\u3092\u30013\u30f6\u6708\u3067\u9054\u6210\u3059\u308b\u3053\u3068\u304c\u3067\u304d\u305f\uff01\u300d<br \/>\n\u300c\u81ea\u5206\u306b\u5408\u3063\u3066\u308b\u3001Web\u526f\u696d \/ \u30d6\u30ed\u30b0\u30b8\u30e3\u30f3\u30eb\u3092\u77e5\u308b\u3053\u3068\u304c\u3067\u304d\u305f\uff01\u300d<\/p>\n<p><span style=\"font-size: 11pt;\"><b><span style=\"font-size: 12pt;\"><br \/>\n\u3053\u308c\u307e\u3067\u5408\u8a084,000\u540d\u306e\u65b9\u304c\u672c\u8b1b\u5ea7\u3092\u53d7\u8b1b\u3057\u3001\u7d50\u679c\u3092\u51fa\u3059\u65b9\u304c\u4eca\u3082\u7d9a\u51fa\u3057\u3066\u3044\u307e\u3059\u3002<\/span><\/b><\/span><\/p>\n<p><span style=\"font-size: 12pt;\">\u516c\u5f0fLINE\u306b\u767b\u9332\u3059\u308b\u3060\u3051\u3067\u3001\u30b9\u30b0\u306b\u7121\u6599\u53d7\u8b1b\u304c\u914d\u4fe1\u3055\u308c\u308b\u306e\u3067\u3001\u65e9\u901f<strong><span style=\"color: #008000;\">\u300c\u30d6\u30ed\u30b0\u30fbSNS\u3092\u4f7f\u3063\u305f\u53ce\u76ca\u5316\u306e\u30b3\u30c4\u300d<\/span><\/strong>\u3092\u5b66\u3093\u3067\u307f\u3066\u304f\u3060\u3055\u3044\uff01<\/span><\/p>\n<img decoding=\"async\" class=\"alignnone size-full wp-image-10706\" src=\"https:\/\/growth-value.co.jp\/magazine\/wp-content\/uploads\/2022\/09\/Canva\u3066\u3099\u7de8\u96c6\u6e08\u306e\u753b\u50cf-600-\u00d7-400-px-600-\u00d7-296-px-600-\u00d7-250-px-17.png\" alt=\"5\u65e5\u9593\u8b1b\u5ea7_\u53d7\u3051\u53d6\u308a\u65b9\" width=\"1500\" height=\"625\" srcset=\"https:\/\/growth-value.co.jp\/magazine\/wp-content\/uploads\/2022\/09\/Canva\u3066\u3099\u7de8\u96c6\u6e08\u306e\u753b\u50cf-600-\u00d7-400-px-600-\u00d7-296-px-600-\u00d7-250-px-17.png 1500w, https:\/\/growth-value.co.jp\/magazine\/wp-content\/uploads\/2022\/09\/Canva\u3066\u3099\u7de8\u96c6\u6e08\u306e\u753b\u50cf-600-\u00d7-400-px-600-\u00d7-296-px-600-\u00d7-250-px-17-300x125.png 300w, https:\/\/growth-value.co.jp\/magazine\/wp-content\/uploads\/2022\/09\/Canva\u3066\u3099\u7de8\u96c6\u6e08\u306e\u753b\u50cf-600-\u00d7-400-px-600-\u00d7-296-px-600-\u00d7-250-px-17-728x303.png 728w, https:\/\/growth-value.co.jp\/magazine\/wp-content\/uploads\/2022\/09\/Canva\u3066\u3099\u7de8\u96c6\u6e08\u306e\u753b\u50cf-600-\u00d7-400-px-600-\u00d7-296-px-600-\u00d7-250-px-17-768x320.png 768w, https:\/\/growth-value.co.jp\/magazine\/wp-content\/uploads\/2022\/09\/Canva\u3066\u3099\u7de8\u96c6\u6e08\u306e\u753b\u50cf-600-\u00d7-400-px-600-\u00d7-296-px-600-\u00d7-250-px-17-485x202.png 485w\" sizes=\"(max-width: 1500px) 100vw, 1500px\" \/>\n<p style=\"text-align: center;\"><a href=\"https:\/\/liff.line.me\/1655216715-NBoEr7LJ\/landing?follow=%40kcs4330n&amp;lp=yidyoX&amp;liff_id=1655216715-NBoEr7LJ\"><img decoding=\"async\" class=\"aligncenter wp-image-15098 size-full\" src=\"https:\/\/growth-value.co.jp\/magazine\/wp-content\/uploads\/2023\/02\/LINE\u767b\u9332\u30db\u3099\u30bf\u30f3\u306e\u753b\u50cf\u3000\u322a\u9055\u3063\u305f\u30c6\u3099\u30b5\u3099\u30a4\u30f3\u3000\u4ee5\u524d\u306e\u6587\u8a00.png\" alt=\"\u3010\u30d6\u30ed\u30b0\u30fbSNS\u53ce\u76ca\u5316\u8b1b\u5ea7\u3011 LINE\u767b\u9332\u30dc\u30bf\u30f32 \uff08\u30aa\u30d7\u30c8\u30a4\u30f3\u30da\u30fc\u30b8\u7528\uff09\" width=\"1420\" height=\"540\" srcset=\"https:\/\/growth-value.co.jp\/magazine\/wp-content\/uploads\/2023\/02\/LINE\u767b\u9332\u30db\u3099\u30bf\u30f3\u306e\u753b\u50cf\u3000\u322a\u9055\u3063\u305f\u30c6\u3099\u30b5\u3099\u30a4\u30f3\u3000\u4ee5\u524d\u306e\u6587\u8a00.png 1420w, https:\/\/growth-value.co.jp\/magazine\/wp-content\/uploads\/2023\/02\/LINE\u767b\u9332\u30db\u3099\u30bf\u30f3\u306e\u753b\u50cf\u3000\u322a\u9055\u3063\u305f\u30c6\u3099\u30b5\u3099\u30a4\u30f3\u3000\u4ee5\u524d\u306e\u6587\u8a00-300x114.png 300w, https:\/\/growth-value.co.jp\/magazine\/wp-content\/uploads\/2023\/02\/LINE\u767b\u9332\u30db\u3099\u30bf\u30f3\u306e\u753b\u50cf\u3000\u322a\u9055\u3063\u305f\u30c6\u3099\u30b5\u3099\u30a4\u30f3\u3000\u4ee5\u524d\u306e\u6587\u8a00-728x277.png 728w, https:\/\/growth-value.co.jp\/magazine\/wp-content\/uploads\/2023\/02\/LINE\u767b\u9332\u30db\u3099\u30bf\u30f3\u306e\u753b\u50cf\u3000\u322a\u9055\u3063\u305f\u30c6\u3099\u30b5\u3099\u30a4\u30f3\u3000\u4ee5\u524d\u306e\u6587\u8a00-768x292.png 768w, https:\/\/growth-value.co.jp\/magazine\/wp-content\/uploads\/2023\/02\/LINE\u767b\u9332\u30db\u3099\u30bf\u30f3\u306e\u753b\u50cf\u3000\u322a\u9055\u3063\u305f\u30c6\u3099\u30b5\u3099\u30a4\u30f3\u3000\u4ee5\u524d\u306e\u6587\u8a00-485x184.png 485w\" sizes=\"(max-width: 1420px) 100vw, 1420px\" \/><\/a><span style=\"color: #000080;\"><strong><span style=\"font-size: 11pt;\"><span style=\"text-decoration: underline;\">&#x26a0;&#xfe0f;\u4e88\u544a\u306a\u304f\u7d42\u4e86\u3059\u308b\u5834\u5408\u304c\u3054\u3056\u3044\u307e\u3059\u306e\u3067\u3001\u53d7\u3051\u53d6\u308a\u306f\u304a\u6025\u304e\u304f\u3060\u3055\u3044\u3002<\/span><\/span><\/strong><\/span><\/p>\n<p style=\"text-align: center;\"><strong>\u00a0<\/strong><\/p>\n<h2>\u306a\u305c\u300c\u30d6\u30ed\u30b0\u30fbSNS\u53ce\u76ca\u5316\u8b1b\u5ea7\u300d\u3067\u306f\u3001\u8ab0\u3082\u304c\u6708\u53ce5\u4e07\u5186\u3092\u76ee\u6307\u305b\u308b\u306e\uff1f<\/h2>\n<p>\u4eca\u56de\u3054\u6848\u5185\u3057\u3066\u3044\u308b\u300e<strong><a href=\"https:\/\/liff.line.me\/1655216715-NBoEr7LJ\/landing?follow=%40kcs4330n&amp;lp=yidyoX&amp;liff_id=1655216715-NBoEr7LJ\">\u30d6\u30ed\u30b0\u30fbSNS\u53ce\u76ca\u5316\u8b1b\u5ea7<\/a>\u300f<\/strong>\u306f\u3001<b>\u3053\u308c\u307e\u30674,000\u540d\u4ee5\u4e0a\u306e\u65b9\u304c\u53d7\u8b1b\u3055\u308c\u3066\u304d\u307e\u3057\u305f\u3002<\/b><\/p>\n<p>9\u5272\u4ee5\u4e0a\u306e\u65b9\u304c\u3001Web\u3067\u7a3c\u3044\u3060\u7d4c\u9a13\u304c\u306a\u304f\u3001<\/p>\n<p><strong>\u300cWeb\u3067\u3001\u7a3c\u3050\u306e\u306f\u96e3\u3057\u305d\u3046&#8230;\u3002\u300d<\/strong><\/p>\n<p><strong>\u300c\u30d6\u30ed\u30b0\u3084SNS\u3067\u7a3c\u3052\u308b\u306e\u3063\u3066\u4e00\u90e8\u306e\u4eba\u3067\u3057\u3087&#8230;?\u300d<\/strong><\/p>\n<p>\u3053\u3093\u306a\u98a8\u306b\u7591\u554f\u3092\u6301\u3064\u65b9\u3005\u306b\u3001\u53d7\u8b1b\u3057\u3066\u3044\u305f\u3060\u304d\u307e\u3057\u305f\u3002<\/p>\n<p>\u3057\u304b\u3057\u3001<span style=\"color: #cc0000;\"><span style=\"color: #333333;\">\u7d50\u679c\u3068\u3057\u3066\u3001<\/span><\/span><\/p>\n<p><strong><span style=\"color: #cc0000;\"><span style=\"text-decoration: underline;\">\u300c\u6bce\u65e5\u3001\u30d6\u30ed\u30b0\u3084SNS\u304b\u3089\u53ce\u76ca\u304c\u5f97\u3089\u308c\u308b\u3088\u3046\u306b\u306a\u308a\u307e\u3057\u305f\u300d<\/span><\/span><\/strong><span style=\"color: #333333;\">\u3068\u3001\u60f3\u50cf\u4ee5\u4e0a\u306e\u53cd\u97ff\u3092\u3044\u305f\u3060\u3044\u3066\u3044\u307e\u3059\u3002<\/span><\/p>\n<p>\u305d\u308c\u306f\u306a\u305c\u3067\u3057\u3087\u3046\u304b\uff1f<\/p>\n<h3>\u300e\u30d6\u30ed\u30b0\u30fbSNS\u53ce\u76ca\u5316\u8b1b\u5ea7\u300f\u3067\u3001\u8ab0\u3082\u304c\u6708\u53ce5\u4e07\u5186\u3092\u76ee\u6307\u305b\u308b\u7406\u7531<\/h3>\n<p>\u4eca\u56de\u3054\u63d0\u4f9b\u3059\u308b<strong>\u300c<a href=\"https:\/\/liff.line.me\/1655216715-NBoEr7LJ\/landing?follow=%40kcs4330n&amp;lp=yidyoX&amp;liff_id=1655216715-NBoEr7LJ\">5\u65e5\u9593\u8b1b\u5ea7<\/a>\u300d<\/strong>\u306f\u3001<strong><span style=\"font-size: 1.1em;\"><span style=\"background-color: #ede8e8; padding: 3px;\">\u30bb\u30f3\u30b9\u3084\u30b9\u30ad\u30eb\u306b\u983c\u3063\u305f\u65b9\u6cd5\u3067\u306f\u3042\u308a\u307e\u305b\u3093\u3002<\/span><\/span><\/strong><\/p>\n<p>\u4f8b\u3048\u3070\u3001\u30a4\u30f3\u30b9\u30bf\u3067\u7a3c\u3050\u306b\u3057\u3066\u3082\u3001\u30d7\u30ed\u7d1a\u306e\u5199\u771f\u3084\u3001\u30e2\u30c7\u30eb\u306e\u3088\u3046\u306a\u30eb\u30c3\u30af\u30b9\u3001\u77e5\u540d\u5ea6\u306f\u3001\u4e0d\u8981\u3067\u3059\u3002<\/p>\n<p>\u307e\u305f\u3001\u30d6\u30ed\u30b0\u3067\u7a3c\u3050\u306b\u3057\u3066\u3082\u3001\u7279\u5225\u306a\u6587\u7ae0\u30bb\u30f3\u30b9\u306f\u4e0d\u8981\u3067\u3059\u3002<\/p>\n<p>\u672c\u8b1b\u5ea7\u306f\u3001<strong><span style=\"color: #cc0000;\">\u300c\u8ab0\u304c\u4f55\u5ea6\u3084\u3063\u3066\u3082\u53ce\u76ca\u5316\u3067\u304d\u305f\u7d4c\u9a13\u300d\u3092\u3082\u3068\u306b\u4f5c\u3089\u308c\u3066\u3044\u307e\u3059\u3002<\/span><\/strong><\/p>\n<p>\u305d\u306e\u305f\u3081\u3001\u7279\u5225\u306a\u30bb\u30f3\u30b9\u3084\u30b9\u30ad\u30eb\u306b\u4f9d\u5b58\u3059\u308b\u3053\u3068\u306a\u304f\u3001\u8ab0\u3082\u304c\u6700\u77ed\u3067\u6708\u53ce5\u4e07\u5186\u3092\u76ee\u6307\u305b\u308b\u5185\u5bb9\u306b\u306a\u3063\u3066\u3044\u308b\u3093\u3067\u3059\u3002<\/p>\n<p style=\"text-align: center;\"><span style=\"font-weight: 400;\"><div class=\"wp-block-button btn-wrap aligncenter lightning big bg is-style-rich_orange\"><\/span><\/p>\n<p style=\"text-align: center;\"><strong>\uff3c\u526f\u696d\u672a\u7d4c\u9a13\u304b\u3089\uff0f<br \/>\n\u6700\u77ed\u3067\u6708\u53ce5\u4e07\u3092\u9054\u6210\u3059\u308b<br \/>\n<\/strong><strong><a href=\"https:\/\/liff.line.me\/1655216715-NBoEr7LJ\/landing?follow=%40kcs4330n&amp;lp=yidyoX&amp;liff_id=1655216715-NBoEr7LJ\"class=\"wp-block-button__link\" >\u30d6\u30ed\u30b0\u30fbSNS\u53ce\u76ca\u5316\u8b1b\u5ea7\u3092<br \/>\n\u4eca\u3059\u3050\u53d7\u8b1b\u3059\u308b<span style=\"font-size: 10pt;\">\uff08\u7c21\u53585\u79d2\uff09<\/span><\/a><\/strong><\/p>\n<p style=\"text-align: center;\"><strong><span style=\"font-size: 10pt; color: #008000;\"><span style=\"color: #cc0000;\">\u203b\u7121\u6599\u3067 LINE\u304b\u3089\u304a\u53d7\u3051\u53d6\u308a\u3067\u304d\u307e\u3059<br \/>\n<\/span><\/span><\/strong><span style=\"font-weight: 400;\"><\/div><\/span><\/p>\n<p style=\"text-align: center;\">\n<h3>\u300c\u30a2\u30af\u30bb\u30b9\u300d\u3084\u300c\u30d5\u30a9\u30ed\u30ef\u30fc\u300d\u304c\u5c11\u306a\u304f\u3066\u3082\u7a3c\u3052\u308b<\/h3>\n<p>\u307e\u305f\u3001\u4eca\u56de\u306e\u300c<strong><a href=\"https:\/\/liff.line.me\/1655216715-NBoEr7LJ\/landing?follow=%40kcs4330n&amp;lp=yidyoX&amp;liff_id=1655216715-NBoEr7LJ\">\u30d6\u30ed\u30b0\u30fbSNS\u53ce\u76ca\u5316\u8b1b\u5ea7<\/a><\/strong>\u300d\u306b\u95a2\u3057\u3066\u3001\u3088\u304f\u3054\u8cea\u554f\u3092\u53d7\u3051\u308b\u306e\u304c\u3001<\/p>\n<p><strong>\u300c\u305f\u304f\u3055\u3093\u306e\u30a2\u30af\u30bb\u30b9\u3084\u3001\u30d5\u30a9\u30ed\u30ef\u30fc\u3092\u96c6\u3081\u306a\u3044\u3068\u3044\u3051\u307e\u305b\u3093\u3088\u306d\uff1f\u300d<\/strong><\/p>\n<p>\u3068\u3044\u3046\u3082\u306e\u3002<\/p>\n<p>\u4e00\u822c\u7684\u306b\u306f\u3001\u300c\u30d6\u30ed\u30b0\u3084SNS\u3067\u7a3c\u3050 = \u591a\u304f\u306e\u4eba\u3092\u96c6\u3081\u306a\u3044\u3068\u3044\u3051\u306a\u3044\u300d\u3068\u8a00\u308f\u308c\u3066\u3044\u307e\u3059\u3002<\/p>\n<p>\u3057\u304b\u3057\u3001<strong><span style=\"color: #cc0000;\">\u79c1\u305f\u3061\u306f\u5168\u304f\u9006\u306e\u8003\u3048\u65b9\u3067\u3059\u3002<\/span><\/strong><\/p>\n<p>\u3064\u307e\u308a\u3001<strong><span style=\"background-color: #ede8e8; padding: 3px;\"><span style=\"font-size: 1.1em;\">\u300c\u5c11\u306a\u3044\u30a2\u30af\u30bb\u30b9\u30fb\u30d5\u30a9\u30ed\u30ef\u30fc\u6570\u3067\u53ce\u76ca\u5316\u3059\u308b\u3053\u3068\u300d\u304c\u91cd\u8981\u3060\u3068\u8003\u3048\u3066\u3044\u307e\u3059\u3002<\/span><\/span><\/strong><\/p>\n<p>\u4f8b\u3048\u3070\u3001<span style=\"text-decoration: underline;\">\u300c\u30a4\u30f3\u30b9\u30bf\u30d5\u30a9\u30ed\u30ef\u30fc500\u540d\u3067\u3082\u6708\u53ce5\u4e07\u5186\u300d<\/span>\u3068\u3044\u3046\u3088\u3046\u306b\u3001\u52b9\u7387\u7684\u306b\u7a3c\u3050\u65b9\u6cd5\u3092\u63a8\u5968\u3057\u3066\u3044\u307e\u3059\u3002<\/p>\n<p>\u5b9f\u969b\u3001\u591a\u304f\u306e\u53d7\u8b1b\u8005\u304c\u3001\u30d6\u30ed\u30b0\u30fbSNS\u3092\u6d3b\u7528\u3057\u3001<\/p>\n<p><span style=\"text-decoration: underline;\"><strong>\u6700\u77ed\u306e\u52b4\u529b\u3067\u3001\u6708\u53ce5\u4e07\u5186\u8d85\u306e\u526f\u696d\u6708\u53ce\u3092\u5f97\u308b\u3053\u3068\u306b\u6210\u529f\u3057\u3066\u3044\u307e\u3059\u3002<\/strong><\/span><\/p>\n<p style=\"text-align: center;\"><span style=\"color: #000080;\"><strong><span style=\"font-size: 11pt;\"><span style=\"text-decoration: underline;\"><a href=\"https:\/\/liff.line.me\/1655216715-NBoEr7LJ\/landing?follow=%40kcs4330n&amp;lp=yidyoX&amp;liff_id=1655216715-NBoEr7LJ\"><img decoding=\"async\" class=\"aligncenter wp-image-15098 size-full\" src=\"https:\/\/growth-value.co.jp\/magazine\/wp-content\/uploads\/2023\/02\/LINE\u767b\u9332\u30db\u3099\u30bf\u30f3\u306e\u753b\u50cf\u3000\u322a\u9055\u3063\u305f\u30c6\u3099\u30b5\u3099\u30a4\u30f3\u3000\u4ee5\u524d\u306e\u6587\u8a00.png\" alt=\"\u3010\u30d6\u30ed\u30b0\u30fbSNS\u53ce\u76ca\u5316\u8b1b\u5ea7\u3011 LINE\u767b\u9332\u30dc\u30bf\u30f32 \uff08\u30aa\u30d7\u30c8\u30a4\u30f3\u30da\u30fc\u30b8\u7528\uff09\" width=\"1420\" height=\"540\" srcset=\"https:\/\/growth-value.co.jp\/magazine\/wp-content\/uploads\/2023\/02\/LINE\u767b\u9332\u30db\u3099\u30bf\u30f3\u306e\u753b\u50cf\u3000\u322a\u9055\u3063\u305f\u30c6\u3099\u30b5\u3099\u30a4\u30f3\u3000\u4ee5\u524d\u306e\u6587\u8a00.png 1420w, https:\/\/growth-value.co.jp\/magazine\/wp-content\/uploads\/2023\/02\/LINE\u767b\u9332\u30db\u3099\u30bf\u30f3\u306e\u753b\u50cf\u3000\u322a\u9055\u3063\u305f\u30c6\u3099\u30b5\u3099\u30a4\u30f3\u3000\u4ee5\u524d\u306e\u6587\u8a00-300x114.png 300w, https:\/\/growth-value.co.jp\/magazine\/wp-content\/uploads\/2023\/02\/LINE\u767b\u9332\u30db\u3099\u30bf\u30f3\u306e\u753b\u50cf\u3000\u322a\u9055\u3063\u305f\u30c6\u3099\u30b5\u3099\u30a4\u30f3\u3000\u4ee5\u524d\u306e\u6587\u8a00-728x277.png 728w, https:\/\/growth-value.co.jp\/magazine\/wp-content\/uploads\/2023\/02\/LINE\u767b\u9332\u30db\u3099\u30bf\u30f3\u306e\u753b\u50cf\u3000\u322a\u9055\u3063\u305f\u30c6\u3099\u30b5\u3099\u30a4\u30f3\u3000\u4ee5\u524d\u306e\u6587\u8a00-768x292.png 768w, https:\/\/growth-value.co.jp\/magazine\/wp-content\/uploads\/2023\/02\/LINE\u767b\u9332\u30db\u3099\u30bf\u30f3\u306e\u753b\u50cf\u3000\u322a\u9055\u3063\u305f\u30c6\u3099\u30b5\u3099\u30a4\u30f3\u3000\u4ee5\u524d\u306e\u6587\u8a00-485x184.png 485w\" sizes=\"(max-width: 1420px) 100vw, 1420px\" \/><\/a>&#x26a0;&#xfe0f;\u4e88\u544a\u306a\u304f\u7d42\u4e86\u3059\u308b\u5834\u5408\u304c\u3054\u3056\u3044\u307e\u3059\u306e\u3067\u3001\u53d7\u3051\u53d6\u308a\u306f\u304a\u6025\u304e\u304f\u3060\u3055\u3044\u3002<\/span><\/span><\/strong><\/span><\/p>\n<p>&nbsp;<\/p>\n<h2>\u305f\u3063\u305f5\u65e5\u9593\u3067\u5b66\u3079\u308b\u300c\u9650\u5b9a\u8b1b\u5ea7\u300d\u306e\u4e2d\u8eab\u306f..\uff1f<\/h2>\n<div class=\"cbox intitle is-style-black_box type_ttl\"><div class=\"box_title\"><span class=\"span__box_title\">\u300e5\u65e5\u9593\u8b1b\u5ea7\u300f\u306e\u5185\u5bb9\u3092\u30c1\u30e9\u898b\u305b <\/span><\/div><div class=\"cboxcomment\">\n<ol>\n<li><span style=\"font-size: 10pt;\"><strong>\u4f55\u8005\u3067\u3082\u306a\u3044\u5927\u5b66\u751f\u304c\u300c\u305f\u3063\u305f1\u5e74\u3067\u6708110\u4e07\u5186\u300d\u7a3c\u3052\u308b\u3088\u3046\u306b\u306a\u3063\u305f\u79d8\u5bc6<\/strong><\/span><\/li>\n<li><span style=\"font-size: 10pt;\"><strong>\u30d6\u30ed\u30b0\u3084SNS\u526f\u696d\u304c\u6700\u5f37\u306a4\u3064\u306e\u4ed5\u7d44\u307f<\/strong><strong><br \/>\n<\/strong><\/span><\/li>\n<li><span style=\"font-size: 10pt;\"><strong>\u30a4\u30f3\u30b9\u30bf\u526f\u696d\u3067\u670820\u4e07\u5186\u7a3c\u3050\u5f93\u59c9\u59b9\u306e\u6210\u529f\u7406\u7531<\/strong><strong><br \/>\n<\/strong><\/span><\/li>\n<li><span style=\"font-size: 10pt;\"><strong>\u30d6\u30ed\u30b0\u3084SNS\u526f\u696d\u3067\u5931\u6557\u3059\u308b\u6700\u5927\u306e\u7406\u7531<\/strong><strong><br \/>\n<\/strong><\/span><\/li>\n<li><strong><span style=\"font-size: 10pt;\">\u30d6\u30ed\u30b0\u3084SNS\u526f\u696d\u3067\u67085\u4e07\u5186\u7a3c\u3050\u5b66\u7fd2\u30ed\u30fc\u30c9\u30de\u30c3\u30d7<\/span><br \/>\n<\/strong><strong><br \/>\n<\/strong><\/li>\n<\/ol>\n<p><span style=\"font-size: 12pt;\"><strong><span style=\"color: #cc0000;\">\uff0b@\uff1a\u4eca\u306a\u3089<span style=\"text-decoration: underline;\">\u5e0c\u671b\u8005\u9650\u5b9a<\/span>\u3067\u3001\u81ea\u5206\u306b\u5408\u3063\u305f\u300c\u526f\u696d\u9078\u3073\u300d\u3092\u30d7\u30ed\u306b\u7121\u6599\u3067\u76f8\u8ac7\u3059\u308b\u3053\u3068\u3082\u53ef\u80fd\u3067\u3059\u3002<\/span><\/strong><\/span><\/p>\n<\/div><\/div>\n<img decoding=\"async\" class=\"aligncenter wp-image-6608 size-full\" src=\"https:\/\/growth-value.co.jp\/magazine\/wp-content\/uploads\/2022\/05\/\u9650\u5b9a5\u65e5\u9593\u8b1b\u5ea7\u53d7\u3051\u53d6\u308a\u65b9\u6cd5.jpg\" alt=\"\" width=\"1280\" height=\"540\" srcset=\"https:\/\/growth-value.co.jp\/magazine\/wp-content\/uploads\/2022\/05\/\u9650\u5b9a5\u65e5\u9593\u8b1b\u5ea7\u53d7\u3051\u53d6\u308a\u65b9\u6cd5.jpg 1280w, https:\/\/growth-value.co.jp\/magazine\/wp-content\/uploads\/2022\/05\/\u9650\u5b9a5\u65e5\u9593\u8b1b\u5ea7\u53d7\u3051\u53d6\u308a\u65b9\u6cd5-300x127.jpg 300w, https:\/\/growth-value.co.jp\/magazine\/wp-content\/uploads\/2022\/05\/\u9650\u5b9a5\u65e5\u9593\u8b1b\u5ea7\u53d7\u3051\u53d6\u308a\u65b9\u6cd5-728x307.jpg 728w, https:\/\/growth-value.co.jp\/magazine\/wp-content\/uploads\/2022\/05\/\u9650\u5b9a5\u65e5\u9593\u8b1b\u5ea7\u53d7\u3051\u53d6\u308a\u65b9\u6cd5-768x324.jpg 768w, https:\/\/growth-value.co.jp\/magazine\/wp-content\/uploads\/2022\/05\/\u9650\u5b9a5\u65e5\u9593\u8b1b\u5ea7\u53d7\u3051\u53d6\u308a\u65b9\u6cd5-485x205.jpg 485w\" sizes=\"(max-width: 1280px) 100vw, 1280px\" \/>\n<p style=\"text-align: center;\"><span style=\"color: #000080;\"><strong><span style=\"font-size: 11pt;\"><span style=\"text-decoration: underline;\"><a href=\"https:\/\/liff.line.me\/1655216715-NBoEr7LJ\/landing?follow=%40kcs4330n&amp;lp=yidyoX&amp;liff_id=1655216715-NBoEr7LJ\"><img decoding=\"async\" class=\"aligncenter wp-image-15098 size-full\" src=\"https:\/\/growth-value.co.jp\/magazine\/wp-content\/uploads\/2023\/02\/LINE\u767b\u9332\u30db\u3099\u30bf\u30f3\u306e\u753b\u50cf\u3000\u322a\u9055\u3063\u305f\u30c6\u3099\u30b5\u3099\u30a4\u30f3\u3000\u4ee5\u524d\u306e\u6587\u8a00.png\" alt=\"\u3010\u30d6\u30ed\u30b0\u30fbSNS\u53ce\u76ca\u5316\u8b1b\u5ea7\u3011 LINE\u767b\u9332\u30dc\u30bf\u30f32 \uff08\u30aa\u30d7\u30c8\u30a4\u30f3\u30da\u30fc\u30b8\u7528\uff09\" width=\"1420\" height=\"540\" srcset=\"https:\/\/growth-value.co.jp\/magazine\/wp-content\/uploads\/2023\/02\/LINE\u767b\u9332\u30db\u3099\u30bf\u30f3\u306e\u753b\u50cf\u3000\u322a\u9055\u3063\u305f\u30c6\u3099\u30b5\u3099\u30a4\u30f3\u3000\u4ee5\u524d\u306e\u6587\u8a00.png 1420w, https:\/\/growth-value.co.jp\/magazine\/wp-content\/uploads\/2023\/02\/LINE\u767b\u9332\u30db\u3099\u30bf\u30f3\u306e\u753b\u50cf\u3000\u322a\u9055\u3063\u305f\u30c6\u3099\u30b5\u3099\u30a4\u30f3\u3000\u4ee5\u524d\u306e\u6587\u8a00-300x114.png 300w, https:\/\/growth-value.co.jp\/magazine\/wp-content\/uploads\/2023\/02\/LINE\u767b\u9332\u30db\u3099\u30bf\u30f3\u306e\u753b\u50cf\u3000\u322a\u9055\u3063\u305f\u30c6\u3099\u30b5\u3099\u30a4\u30f3\u3000\u4ee5\u524d\u306e\u6587\u8a00-728x277.png 728w, https:\/\/growth-value.co.jp\/magazine\/wp-content\/uploads\/2023\/02\/LINE\u767b\u9332\u30db\u3099\u30bf\u30f3\u306e\u753b\u50cf\u3000\u322a\u9055\u3063\u305f\u30c6\u3099\u30b5\u3099\u30a4\u30f3\u3000\u4ee5\u524d\u306e\u6587\u8a00-768x292.png 768w, https:\/\/growth-value.co.jp\/magazine\/wp-content\/uploads\/2023\/02\/LINE\u767b\u9332\u30db\u3099\u30bf\u30f3\u306e\u753b\u50cf\u3000\u322a\u9055\u3063\u305f\u30c6\u3099\u30b5\u3099\u30a4\u30f3\u3000\u4ee5\u524d\u306e\u6587\u8a00-485x184.png 485w\" sizes=\"(max-width: 1420px) 100vw, 1420px\" \/><\/a>&#x26a0;&#xfe0f;\u4e88\u544a\u306a\u304f\u7d42\u4e86\u3059\u308b\u5834\u5408\u304c\u3054\u3056\u3044\u307e\u3059\u306e\u3067\u3001\u53d7\u3051\u53d6\u308a\u306f\u304a\u6025\u304e\u304f\u3060\u3055\u3044\u3002<\/span><\/span><\/strong><\/span><\/p>\n<p style=\"text-align: center;\">\n","protected":false},"excerpt":{"rendered":"<p>&nbsp; Web\u526f\u696d\u3067\u6708\u53ce5\u4e07\u5186\u304c\u6700\u77ed\u3067\u76ee\u6307\u305b\u308b\uff01\u300c\u672c\u683c\u8b1b\u5ea7\u300d\u3092\u4f5c\u308a\u307e\u3057\u305f \u300c\u30a4\u30f3\u30b9\u30bf\u6708\u53ce5\u4e07\u5186\u3092\u30013\u30f6\u6708\u3067\u9054\u6210\u3059\u308b\u3053\u3068\u304c\u3067\u304d\u305f\uff01\u300d \u300c\u81ea\u5206\u306b\u5408\u3063\u3066\u308b\u3001Web\u526f\u696d \/ \u30d6\u30ed\u30b0\u30b8\u30e3\u30f3\u30eb\u3092\u77e5\u308b\u3053\u3068\u304c\u3067\u304d\u305f\uff01\u300d \u3053\u308c\u307e\u3067\u5408&#8230;<\/p>\n","protected":false},"author":2,"featured_media":17515,"parent":0,"menu_order":0,"comment_status":"closed","ping_status":"closed","template":"page-lp.php","meta":{"_monsterinsights_skip_tracking":false,"_monsterinsights_sitenote_active":false,"_monsterinsights_sitenote_note":"","_monsterinsights_sitenote_category":0},"tags":[],"aioseo_notices":[],"jetpack_sharing_enabled":true,"_links":{"self":[{"href":"https:\/\/growth-value.co.jp\/magazine\/wp-json\/wp\/v2\/pages\/7551"}],"collection":[{"href":"https:\/\/growth-value.co.jp\/magazine\/wp-json\/wp\/v2\/pages"}],"about":[{"href":"https:\/\/growth-value.co.jp\/magazine\/wp-json\/wp\/v2\/types\/page"}],"author":[{"embeddable":true,"href":"https:\/\/growth-value.co.jp\/magazine\/wp-json\/wp\/v2\/users\/2"}],"replies":[{"embeddable":true,"href":"https:\/\/growth-value.co.jp\/magazine\/wp-json\/wp\/v2\/comments?post=7551"}],"version-history":[{"count":0,"href":"https:\/\/growth-value.co.jp\/magazine\/wp-json\/wp\/v2\/pages\/7551\/revisions"}],"wp:featuredmedia":[{"embeddable":true,"href":"https:\/\/growth-value.co.jp\/magazine\/wp-json\/wp\/v2\/media\/17515"}],"wp:attachment":[{"href":"https:\/\/growth-value.co.jp\/magazine\/wp-json\/wp\/v2\/media?parent=7551"}],"wp:term":[{"taxonomy":"post_tag","embeddable":true,"href":"https:\/\/growth-value.co.jp\/magazine\/wp-json\/wp\/v2\/tags?post=7551"}],"curies":[{"name":"wp","href":"https:\/\/api.w.org\/{rel}","templated":true}]}}